{"id":8489,"date":"2025-09-03T20:53:53","date_gmt":"2025-09-03T17:53:53","guid":{"rendered":"https:\/\/www.lezzetkuruyemis.com\/?post_type=product&#038;p=8489"},"modified":"2026-01-02T14:38:04","modified_gmt":"2026-01-02T11:38:04","slug":"cevizli-muska","status":"publish","type":"product","link":"https:\/\/www.lezzetkuruyemis.com\/index.php\/urun\/cevizli-muska\/","title":{"rendered":"Antep f\u0131st\u0131kl\u0131 muska"},"content":{"rendered":"<p data-start=\"83\" data-end=\"540\">El yap\u0131m\u0131 incecik hamurun i\u00e7ine bolca ceviz doldurulur, \u00f6zenle muska \u015feklinde sar\u0131l\u0131r\u2026 Ortaya \u00e7\u0131kan \u015fey sadece bir tatl\u0131 de\u011fil, ayn\u0131 zamanda nostaljik bir lezzet an\u0131s\u0131d\u0131r. Cevizli Muska, geleneksel T\u00fcrk tatl\u0131lar\u0131n\u0131n en sevilen \u00f6rneklerinden biridir. Hafif \u015ferbetli yap\u0131s\u0131yla ne bay\u0131c\u0131d\u0131r ne de a\u011f\u0131r \u2013 tam k\u0131vam\u0131nda bir tatl\u0131 keyfi sunar. \u00d6zellikle ev yap\u0131m\u0131 lezzetleri arayanlar\u0131n g\u00f6nl\u00fcn\u00fc fetheder.<\/p>\n","protected":false},"excerpt":{"rendered":"<p>El yap\u0131m\u0131 incecik hamurun i\u00e7ine bolca ceviz doldurulur, \u00f6zenle muska \u015feklinde sar\u0131l\u0131r\u2026 Ortaya \u00e7\u0131kan \u015fey sadece bir tatl\u0131 de\u011fil, ayn\u0131 zamanda nostaljik bir lezzet an\u0131s\u0131d\u0131r. Cevizli Muska, geleneksel T\u00fcrk tatl\u0131lar\u0131n\u0131n en sevilen \u00f6rneklerinden biridir. Hafif \u015ferbetli yap\u0131s\u0131yla ne bay\u0131c\u0131d\u0131r ne de a\u011f\u0131r \u2013 tam k\u0131vam\u0131nda bir tatl\u0131 keyfi sunar. \u00d6zellikle ev yap\u0131m\u0131 lezzetleri arayanlar\u0131n g\u00f6nl\u00fcn\u00fc [&hellip;]<\/p>\n","protected":false},"featured_media":8490,"comment_status":"open","ping_status":"closed","template":"","meta":{"_joinchat":[]},"product_brand":[],"product_cat":[85],"product_tag":[],"class_list":{"0":"post-8489","1":"product","2":"type-product","3":"status-publish","4":"has-post-thumbnail","6":"product_cat-sekerlemeler","8":"first","9":"instock","10":"taxable","11":"shipping-taxable","12":"purchasable","13":"product-type-simple"},"jetpack_sharing_enabled":true,"_links":{"self":[{"href":"https:\/\/www.lezzetkuruyemis.com\/index.php\/wp-json\/wp\/v2\/product\/8489","targetHints":{"allow":["GET"]}}],"collection":[{"href":"https:\/\/www.lezzetkuruyemis.com\/index.php\/wp-json\/wp\/v2\/product"}],"about":[{"href":"https:\/\/www.lezzetkuruyemis.com\/index.php\/wp-json\/wp\/v2\/types\/product"}],"replies":[{"embeddable":true,"href":"https:\/\/www.lezzetkuruyemis.com\/index.php\/wp-json\/wp\/v2\/comments?post=8489"}],"wp:featuredmedia":[{"embeddable":true,"href":"https:\/\/www.lezzetkuruyemis.com\/index.php\/wp-json\/wp\/v2\/media\/8490"}],"wp:attachment":[{"href":"https:\/\/www.lezzetkuruyemis.com\/index.php\/wp-json\/wp\/v2\/media?parent=8489"}],"wp:term":[{"taxonomy":"product_brand","embeddable":true,"href":"https:\/\/www.lezzetkuruyemis.com\/index.php\/wp-json\/wp\/v2\/product_brand?post=8489"},{"taxonomy":"product_cat","embeddable":true,"href":"https:\/\/www.lezzetkuruyemis.com\/index.php\/wp-json\/wp\/v2\/product_cat?post=8489"},{"taxonomy":"product_tag","embeddable":true,"href":"https:\/\/www.lezzetkuruyemis.com\/index.php\/wp-json\/wp\/v2\/product_tag?post=8489"}],"curies":[{"name":"wp","href":"https:\/\/api.w.org\/{rel}","templated":true}]}}