{"id":8465,"date":"2025-09-03T16:41:13","date_gmt":"2025-09-03T13:41:13","guid":{"rendered":"https:\/\/www.lezzetkuruyemis.com\/?post_type=product&#038;p=8465"},"modified":"2026-01-02T15:33:39","modified_gmt":"2026-01-02T12:33:39","slug":"findik","status":"publish","type":"product","link":"https:\/\/www.lezzetkuruyemis.com\/index.php\/urun\/findik\/","title":{"rendered":"F\u0131nd\u0131k"},"content":{"rendered":"<article class=\"text-token-text-primary w-full focus:outline-none scroll-mt-[calc(var(--header-height)+min(200px,max(70px,20svh)))]\" dir=\"auto\" data-turn-id=\"request-6894a73f-aec8-8326-90bd-05a3277cc4b3-16\" data-testid=\"conversation-turn-68\" data-scroll-anchor=\"true\" data-turn=\"assistant\">\n<div class=\"text-base my-auto mx-auto pb-10 [--thread-content-margin:--spacing(4)] @[37rem]:[--thread-content-margin:--spacing(6)] @[72rem]:[--thread-content-margin:--spacing(16)] px-(--thread-content-margin)\">\n<div class=\"[--thread-content-max-width:32rem] @[34rem]:[--thread-content-max-width:40rem] @[64rem]:[--thread-content-max-width:48rem] mx-auto max-w-(--thread-content-max-width) flex-1 group\/turn-messages focus-visible:outline-hidden relative flex w-full min-w-0 flex-col agent-turn\">\n<div class=\"flex max-w-full flex-col grow\">\n<div class=\"min-h-8 text-message relative flex w-full flex-col items-end gap-2 text-start break-words whitespace-normal [.text-message+&amp;]:mt-5\" dir=\"auto\" data-message-author-role=\"assistant\" data-message-id=\"56efb19d-4186-4ddd-8378-d90248efef61\" data-message-model-slug=\"gpt-5-mini\">\n<div class=\"flex w-full flex-col gap-1 empty:hidden first:pt-[3px]\">\n<div class=\"markdown prose dark:prose-invert w-full break-words dark markdown-new-styling\">\n<p data-start=\"0\" data-end=\"146\" data-is-last-node=\"\" data-is-only-node=\"\">Taze ve \u00f6zenle se\u00e7ilmi\u015f f\u0131nd\u0131k, \u00e7\u0131t\u0131r dokusu ve yo\u011fun aromas\u0131yla sa\u011fl\u0131kl\u0131 at\u0131\u015ft\u0131rmal\u0131klar\u0131n en lezzetli se\u00e7ene\u011fidir.<\/p>\n<\/div>\n<\/div>\n<\/div>\n<\/div>\n<\/div>\n<\/div>\n<\/article>\n","protected":false},"excerpt":{"rendered":"<p>Taze ve \u00f6zenle se\u00e7ilmi\u015f f\u0131nd\u0131k, \u00e7\u0131t\u0131r dokusu ve yo\u011fun aromas\u0131yla sa\u011fl\u0131kl\u0131 at\u0131\u015ft\u0131rmal\u0131klar\u0131n en lezzetli se\u00e7ene\u011fidir.<\/p>\n","protected":false},"featured_media":8445,"comment_status":"open","ping_status":"closed","template":"","meta":{"_joinchat":[]},"product_brand":[],"product_cat":[47],"product_tag":[],"class_list":{"0":"post-8465","1":"product","2":"type-product","3":"status-publish","4":"has-post-thumbnail","6":"product_cat-kuruyemisler","8":"first","9":"instock","10":"taxable","11":"shipping-taxable","12":"purchasable","13":"product-type-simple"},"jetpack_sharing_enabled":true,"_links":{"self":[{"href":"https:\/\/www.lezzetkuruyemis.com\/index.php\/wp-json\/wp\/v2\/product\/8465","targetHints":{"allow":["GET"]}}],"collection":[{"href":"https:\/\/www.lezzetkuruyemis.com\/index.php\/wp-json\/wp\/v2\/product"}],"about":[{"href":"https:\/\/www.lezzetkuruyemis.com\/index.php\/wp-json\/wp\/v2\/types\/product"}],"replies":[{"embeddable":true,"href":"https:\/\/www.lezzetkuruyemis.com\/index.php\/wp-json\/wp\/v2\/comments?post=8465"}],"wp:featuredmedia":[{"embeddable":true,"href":"https:\/\/www.lezzetkuruyemis.com\/index.php\/wp-json\/wp\/v2\/media\/8445"}],"wp:attachment":[{"href":"https:\/\/www.lezzetkuruyemis.com\/index.php\/wp-json\/wp\/v2\/media?parent=8465"}],"wp:term":[{"taxonomy":"product_brand","embeddable":true,"href":"https:\/\/www.lezzetkuruyemis.com\/index.php\/wp-json\/wp\/v2\/product_brand?post=8465"},{"taxonomy":"product_cat","embeddable":true,"href":"https:\/\/www.lezzetkuruyemis.com\/index.php\/wp-json\/wp\/v2\/product_cat?post=8465"},{"taxonomy":"product_tag","embeddable":true,"href":"https:\/\/www.lezzetkuruyemis.com\/index.php\/wp-json\/wp\/v2\/product_tag?post=8465"}],"curies":[{"name":"wp","href":"https:\/\/api.w.org\/{rel}","templated":true}]}}