{"id":8405,"date":"2025-09-03T12:08:50","date_gmt":"2025-09-03T09:08:50","guid":{"rendered":"https:\/\/www.lezzetkuruyemis.com\/?post_type=product&#038;p=8405"},"modified":"2025-09-04T14:53:44","modified_gmt":"2025-09-04T11:53:44","slug":"bol-karisik-2","status":"publish","type":"product","link":"https:\/\/www.lezzetkuruyemis.com\/index.php\/urun\/bol-karisik-2\/","title":{"rendered":"Bol kar\u0131\u015f\u0131k 2"},"content":{"rendered":"","protected":false},"excerpt":{"rendered":"","protected":false},"featured_media":8527,"comment_status":"open","ping_status":"closed","template":"","meta":{"_joinchat":[]},"product_brand":[],"product_cat":[15,87,86,85],"product_tag":[],"class_list":{"0":"post-8405","1":"product","2":"type-product","3":"status-publish","4":"has-post-thumbnail","6":"product_cat-en-iyiler","7":"product_cat-hediye-paketleri","8":"product_cat-paketli-urunler","9":"product_cat-sekerlemeler","11":"first","12":"outofstock","13":"taxable","14":"shipping-taxable","15":"purchasable","16":"product-type-simple"},"jetpack_sharing_enabled":true,"_links":{"self":[{"href":"https:\/\/www.lezzetkuruyemis.com\/index.php\/wp-json\/wp\/v2\/product\/8405","targetHints":{"allow":["GET"]}}],"collection":[{"href":"https:\/\/www.lezzetkuruyemis.com\/index.php\/wp-json\/wp\/v2\/product"}],"about":[{"href":"https:\/\/www.lezzetkuruyemis.com\/index.php\/wp-json\/wp\/v2\/types\/product"}],"replies":[{"embeddable":true,"href":"https:\/\/www.lezzetkuruyemis.com\/index.php\/wp-json\/wp\/v2\/comments?post=8405"}],"wp:featuredmedia":[{"embeddable":true,"href":"https:\/\/www.lezzetkuruyemis.com\/index.php\/wp-json\/wp\/v2\/media\/8527"}],"wp:attachment":[{"href":"https:\/\/www.lezzetkuruyemis.com\/index.php\/wp-json\/wp\/v2\/media?parent=8405"}],"wp:term":[{"taxonomy":"product_brand","embeddable":true,"href":"https:\/\/www.lezzetkuruyemis.com\/index.php\/wp-json\/wp\/v2\/product_brand?post=8405"},{"taxonomy":"product_cat","embeddable":true,"href":"https:\/\/www.lezzetkuruyemis.com\/index.php\/wp-json\/wp\/v2\/product_cat?post=8405"},{"taxonomy":"product_tag","embeddable":true,"href":"https:\/\/www.lezzetkuruyemis.com\/index.php\/wp-json\/wp\/v2\/product_tag?post=8405"}],"curies":[{"name":"wp","href":"https:\/\/api.w.org\/{rel}","templated":true}]}}