{"id":8399,"date":"2025-09-02T16:55:00","date_gmt":"2025-09-02T13:55:00","guid":{"rendered":"https:\/\/www.lezzetkuruyemis.com\/?post_type=product&#038;p=8399"},"modified":"2026-01-02T15:00:28","modified_gmt":"2026-01-02T12:00:28","slug":"bol-karisik-sekerleme","status":"publish","type":"product","link":"https:\/\/www.lezzetkuruyemis.com\/index.php\/urun\/bol-karisik-sekerleme\/","title":{"rendered":"Bol kar\u0131\u015f\u0131k \u015fekerleme"},"content":{"rendered":"","protected":false},"excerpt":{"rendered":"","protected":false},"featured_media":8528,"comment_status":"open","ping_status":"closed","template":"","meta":{"_joinchat":[]},"product_brand":[],"product_cat":[15,87,86,85],"product_tag":[],"class_list":{"0":"post-8399","1":"product","2":"type-product","3":"status-publish","4":"has-post-thumbnail","6":"product_cat-en-iyiler","7":"product_cat-hediye-paketleri","8":"product_cat-paketli-urunler","9":"product_cat-sekerlemeler","11":"first","12":"instock","13":"taxable","14":"shipping-taxable","15":"purchasable","16":"product-type-simple"},"jetpack_sharing_enabled":true,"_links":{"self":[{"href":"https:\/\/www.lezzetkuruyemis.com\/index.php\/wp-json\/wp\/v2\/product\/8399","targetHints":{"allow":["GET"]}}],"collection":[{"href":"https:\/\/www.lezzetkuruyemis.com\/index.php\/wp-json\/wp\/v2\/product"}],"about":[{"href":"https:\/\/www.lezzetkuruyemis.com\/index.php\/wp-json\/wp\/v2\/types\/product"}],"replies":[{"embeddable":true,"href":"https:\/\/www.lezzetkuruyemis.com\/index.php\/wp-json\/wp\/v2\/comments?post=8399"}],"wp:featuredmedia":[{"embeddable":true,"href":"https:\/\/www.lezzetkuruyemis.com\/index.php\/wp-json\/wp\/v2\/media\/8528"}],"wp:attachment":[{"href":"https:\/\/www.lezzetkuruyemis.com\/index.php\/wp-json\/wp\/v2\/media?parent=8399"}],"wp:term":[{"taxonomy":"product_brand","embeddable":true,"href":"https:\/\/www.lezzetkuruyemis.com\/index.php\/wp-json\/wp\/v2\/product_brand?post=8399"},{"taxonomy":"product_cat","embeddable":true,"href":"https:\/\/www.lezzetkuruyemis.com\/index.php\/wp-json\/wp\/v2\/product_cat?post=8399"},{"taxonomy":"product_tag","embeddable":true,"href":"https:\/\/www.lezzetkuruyemis.com\/index.php\/wp-json\/wp\/v2\/product_tag?post=8399"}],"curies":[{"name":"wp","href":"https:\/\/api.w.org\/{rel}","templated":true}]}}