{"id":8267,"date":"2025-08-10T20:04:42","date_gmt":"2025-08-10T17:04:42","guid":{"rendered":"https:\/\/www.lezzetkuruyemis.com\/?post_type=product&#038;p=8267"},"modified":"2025-09-04T14:51:57","modified_gmt":"2025-09-04T11:51:57","slug":"kavrulmus-kabuklu-findik","status":"publish","type":"product","link":"https:\/\/www.lezzetkuruyemis.com\/index.php\/urun\/kavrulmus-kabuklu-findik\/","title":{"rendered":"Kavrulmu\u015f kabuklu f\u0131nd\u0131k"},"content":{"rendered":"<p>Lezzet Kuruyemi\u015f\u2019in \u00f6zenle se\u00e7ip ustal\u0131kla kavurdu\u011fu <strong data-start=\"235\" data-end=\"256\">Kabuklu F\u0131nd\u0131klar<\/strong>, e\u015fsiz aromas\u0131 ve yo\u011fun lezzetiyle damaklarda iz b\u0131rak\u0131r. Kabuklu olmas\u0131 sayesinde tazeli\u011fini uzun s\u00fcre korur, do\u011fal haline en yak\u0131n \u015fekilde t\u00fcketim imk\u00e2n\u0131 sunar<\/p>\n","protected":false},"excerpt":{"rendered":"<article class=\"text-token-text-primary w-full focus:outline-none scroll-mt-[calc(var(--header-height)+min(200px,max(70px,20svh)))]\" dir=\"auto\" tabindex=\"-1\" data-turn-id=\"request-681fab39-24f8-8011-a14a-4aff3cb22e27-6\" data-testid=\"conversation-turn-88\" data-scroll-anchor=\"true\" data-turn=\"assistant\">\n<div class=\"text-base my-auto mx-auto pb-10 [--thread-content-margin:--spacing(4)] @[37rem]:[--thread-content-margin:--spacing(6)] @[72rem]:[--thread-content-margin:--spacing(16)] px-(--thread-content-margin)\">\n<div class=\"[--thread-content-max-width:32rem] @[34rem]:[--thread-content-max-width:40rem] @[64rem]:[--thread-content-max-width:48rem] mx-auto max-w-(--thread-content-max-width) flex-1 group\/turn-messages focus-visible:outline-hidden relative flex w-full min-w-0 flex-col agent-turn\" tabindex=\"-1\">\n<div class=\"flex max-w-full flex-col grow\">\n<div class=\"min-h-8 text-message relative flex w-full flex-col items-end gap-2 text-start break-words whitespace-normal [.text-message+&amp;]:mt-5\" dir=\"auto\" data-message-author-role=\"assistant\" data-message-id=\"036eff3a-57da-4aed-bfb3-dba7326deebb\" data-message-model-slug=\"gpt-5\">\n<div class=\"flex w-full flex-col gap-1 empty:hidden first:pt-[3px]\">\n<div class=\"markdown prose dark:prose-invert w-full break-words dark markdown-new-styling\">\n<p data-start=\"729\" data-end=\"847\" data-is-last-node=\"\" data-is-only-node=\"\">\u0130stersen sana bunun <strong data-start=\"749\" data-end=\"771\">\u00e7i\u011f kabuklu f\u0131nd\u0131k<\/strong> versiyonunu da haz\u0131rlayabilirim, b\u00f6ylece \u00fcr\u00fcn sayfalar\u0131n daha d\u00fczenli olur.<\/p>\n<\/div>\n<\/div>\n<\/div>\n<\/div>\n<\/div>\n<\/div>\n<\/article>\n","protected":false},"featured_media":8529,"comment_status":"open","ping_status":"closed","template":"","meta":{"_joinchat":[]},"product_brand":[],"product_cat":[47],"product_tag":[],"class_list":{"0":"post-8267","1":"product","2":"type-product","3":"status-publish","4":"has-post-thumbnail","6":"product_cat-kuruyemisler","8":"first","9":"instock","10":"taxable","11":"shipping-taxable","12":"purchasable","13":"product-type-simple"},"jetpack_sharing_enabled":true,"_links":{"self":[{"href":"https:\/\/www.lezzetkuruyemis.com\/index.php\/wp-json\/wp\/v2\/product\/8267","targetHints":{"allow":["GET"]}}],"collection":[{"href":"https:\/\/www.lezzetkuruyemis.com\/index.php\/wp-json\/wp\/v2\/product"}],"about":[{"href":"https:\/\/www.lezzetkuruyemis.com\/index.php\/wp-json\/wp\/v2\/types\/product"}],"replies":[{"embeddable":true,"href":"https:\/\/www.lezzetkuruyemis.com\/index.php\/wp-json\/wp\/v2\/comments?post=8267"}],"wp:featuredmedia":[{"embeddable":true,"href":"https:\/\/www.lezzetkuruyemis.com\/index.php\/wp-json\/wp\/v2\/media\/8529"}],"wp:attachment":[{"href":"https:\/\/www.lezzetkuruyemis.com\/index.php\/wp-json\/wp\/v2\/media?parent=8267"}],"wp:term":[{"taxonomy":"product_brand","embeddable":true,"href":"https:\/\/www.lezzetkuruyemis.com\/index.php\/wp-json\/wp\/v2\/product_brand?post=8267"},{"taxonomy":"product_cat","embeddable":true,"href":"https:\/\/www.lezzetkuruyemis.com\/index.php\/wp-json\/wp\/v2\/product_cat?post=8267"},{"taxonomy":"product_tag","embeddable":true,"href":"https:\/\/www.lezzetkuruyemis.com\/index.php\/wp-json\/wp\/v2\/product_tag?post=8267"}],"curies":[{"name":"wp","href":"https:\/\/api.w.org\/{rel}","templated":true}]}}